{"id":19,"date":"2023-03-23T18:32:07","date_gmt":"2023-03-23T18:32:07","guid":{"rendered":"https:\/\/chaletnamaste.de\/?page_id=19"},"modified":"2023-06-11T19:00:48","modified_gmt":"2023-06-11T19:00:48","slug":"anlage-und-umgebung","status":"publish","type":"page","link":"https:\/\/chaletnamaste.de\/?page_id=19","title":{"rendered":"Chalet Si 79"},"content":{"rendered":"\n<p><\/p>\n\n\n\n<div class=\"wp-block-columns is-layout-flex wp-container-7\">\n<div class=\"wp-block-column is-layout-flow\" style=\"flex-basis:100%\">\n<div class=\"wp-block-columns is-layout-flex wp-container-5\">\n<div class=\"wp-block-column is-layout-flow\" style=\"flex-basis:50%\">\n<figure class=\"wp-block-image size-large\"><img decoding=\"async\" loading=\"lazy\" width=\"1024\" height=\"683\" src=\"https:\/\/chaletnamaste.de\/wp-content\/uploads\/2023\/06\/IMG_2281-1024x683.jpg\" alt=\"\" class=\"wp-image-107\" srcset=\"https:\/\/chaletnamaste.de\/wp-content\/uploads\/2023\/06\/IMG_2281-1024x683.jpg 1024w, https:\/\/chaletnamaste.de\/wp-content\/uploads\/2023\/06\/IMG_2281-300x200.jpg 300w, https:\/\/chaletnamaste.de\/wp-content\/uploads\/2023\/06\/IMG_2281-768x512.jpg 768w, https:\/\/chaletnamaste.de\/wp-content\/uploads\/2023\/06\/IMG_2281-1536x1024.jpg 1536w, https:\/\/chaletnamaste.de\/wp-content\/uploads\/2023\/06\/IMG_2281-2048x1365.jpg 2048w\" sizes=\"(max-width: 1024px) 100vw, 1024px\" \/><\/figure>\n<\/div>\n\n\n\n<div class=\"wp-block-column is-layout-flow\" style=\"flex-basis:50%\">\n<figure class=\"wp-block-gallery has-nested-images columns-default is-cropped wp-block-gallery-2 is-layout-flex\">\n<figure class=\"wp-block-image size-large\"><img decoding=\"async\" loading=\"lazy\" width=\"1024\" height=\"683\" src=\"https:\/\/chaletnamaste.de\/wp-content\/uploads\/2023\/06\/IMG_1899-1024x683.jpg\" alt=\"\" class=\"wp-image-102\" srcset=\"https:\/\/chaletnamaste.de\/wp-content\/uploads\/2023\/06\/IMG_1899-1024x683.jpg 1024w, https:\/\/chaletnamaste.de\/wp-content\/uploads\/2023\/06\/IMG_1899-300x200.jpg 300w, https:\/\/chaletnamaste.de\/wp-content\/uploads\/2023\/06\/IMG_1899-768x512.jpg 768w, https:\/\/chaletnamaste.de\/wp-content\/uploads\/2023\/06\/IMG_1899-1536x1024.jpg 1536w, https:\/\/chaletnamaste.de\/wp-content\/uploads\/2023\/06\/IMG_1899-2048x1365.jpg 2048w\" sizes=\"(max-width: 1024px) 100vw, 1024px\" \/><\/figure>\n<\/figure>\n<\/div>\n<\/div>\n<\/div>\n<\/div>\n\n\n\n<p>An der Grenze zwischen den Provinzen Groningen und Friesland befindet sich der &nbsp;<a href=\"https:\/\/campingplatze.siblu.de\/camping\/niederlande\/wattenmeer\/lauwersoog\">4,5* Campingplatz in Lauwersoog<\/a>.&nbsp;Neben dem friesischen Dorf Anjum und dem Fischerdorf Zoutkamp . <\/p>\n\n\n\n<p>Dieses Reiseziel ist der ideale Ausgangspunkt f\u00fcr drei wundersch\u00f6ne Naturschutzgebiete, den Nationalpark Lauwersmeer, den Nationalpark Schiermonnikoog und das UNESCO-Weltnaturerbe Wattenmeer.<\/p>\n\n\n\n<p>Sind Sie auf der Suche nach einer modernen Unterkunft, ganz nah zum kleinen Strandbereich von Lauwersmeer? Dann sind Sie bei uns genau richtig..<\/p>\n\n\n\n<p>In unserem Chalet befinden sich&#8230;..<\/p>\n\n\n\n<figure class=\"wp-block-gallery has-nested-images columns-default is-cropped wp-block-gallery-8 is-layout-flex\">\n<figure class=\"wp-block-image size-large\"><img decoding=\"async\" loading=\"lazy\" width=\"1024\" height=\"683\" data-id=\"87\"  src=\"https:\/\/chaletnamaste.de\/wp-content\/uploads\/2023\/06\/IMG_1907-1-1024x683.jpg\" alt=\"\" class=\"wp-image-87\" srcset=\"https:\/\/chaletnamaste.de\/wp-content\/uploads\/2023\/06\/IMG_1907-1-1024x683.jpg 1024w, https:\/\/chaletnamaste.de\/wp-content\/uploads\/2023\/06\/IMG_1907-1-300x200.jpg 300w, https:\/\/chaletnamaste.de\/wp-content\/uploads\/2023\/06\/IMG_1907-1-768x512.jpg 768w, https:\/\/chaletnamaste.de\/wp-content\/uploads\/2023\/06\/IMG_1907-1-1536x1024.jpg 1536w, https:\/\/chaletnamaste.de\/wp-content\/uploads\/2023\/06\/IMG_1907-1-2048x1365.jpg 2048w\" sizes=\"(max-width: 1024px) 100vw, 1024px\" \/><\/figure>\n<\/figure>\n\n\n\n<figure class=\"wp-block-image size-large is-resized\"><img decoding=\"async\" loading=\"lazy\" src=\"https:\/\/chaletnamaste.de\/wp-content\/uploads\/2023\/06\/IMG_1865-1024x683.jpg\" alt=\"\" class=\"wp-image-89\" width=\"305\" height=\"203\" srcset=\"https:\/\/chaletnamaste.de\/wp-content\/uploads\/2023\/06\/IMG_1865-1024x683.jpg 1024w, https:\/\/chaletnamaste.de\/wp-content\/uploads\/2023\/06\/IMG_1865-300x200.jpg 300w, https:\/\/chaletnamaste.de\/wp-content\/uploads\/2023\/06\/IMG_1865-768x512.jpg 768w, https:\/\/chaletnamaste.de\/wp-content\/uploads\/2023\/06\/IMG_1865-1536x1024.jpg 1536w, https:\/\/chaletnamaste.de\/wp-content\/uploads\/2023\/06\/IMG_1865-2048x1365.jpg 2048w\" sizes=\"(max-width: 305px) 100vw, 305px\" \/><\/figure>\n\n\n\n<figure class=\"wp-block-image size-large is-resized\"><img decoding=\"async\" loading=\"lazy\" src=\"https:\/\/chaletnamaste.de\/wp-content\/uploads\/2023\/06\/IMG_1879-1024x683.jpg\" alt=\"\" class=\"wp-image-104\" width=\"307\" height=\"204\" srcset=\"https:\/\/chaletnamaste.de\/wp-content\/uploads\/2023\/06\/IMG_1879-1024x683.jpg 1024w, https:\/\/chaletnamaste.de\/wp-content\/uploads\/2023\/06\/IMG_1879-300x200.jpg 300w, https:\/\/chaletnamaste.de\/wp-content\/uploads\/2023\/06\/IMG_1879-768x512.jpg 768w, https:\/\/chaletnamaste.de\/wp-content\/uploads\/2023\/06\/IMG_1879-1536x1024.jpg 1536w, https:\/\/chaletnamaste.de\/wp-content\/uploads\/2023\/06\/IMG_1879-2048x1365.jpg 2048w\" sizes=\"(max-width: 307px) 100vw, 307px\" \/><\/figure>\n\n\n\n<ul>\n<li>3 Schlafzimmer (1x Doppelbett, 2x 2 Einzelbetten),<\/li>\n\n\n\n<li>vollausgestattete K\u00fcche (Wasserkocher, Senseo Pad Maschine, K\u00fchlschrank mit Gefrierkombi,  Teller und Besteck f\u00fcr bis zu 6 Personen, Topf und Pfannenset, Geschirrsp\u00fclmaschine, Toaster, Mikrowelle)<\/li>\n\n\n\n<li>32 Zoll TV<\/li>\n\n\n\n<li>kostenfreies WLAN<\/li>\n\n\n\n<li>2 Toiletten<\/li>\n\n\n\n<li>2 Duschen <\/li>\n\n\n\n<li>Holzterrasse mit einer Lounge<\/li>\n\n\n\n<li>Holzkohlegrill<\/li>\n<\/ul>\n\n\n\n<figure class=\"wp-block-image size-large\"><img decoding=\"async\" loading=\"lazy\" width=\"1024\" height=\"683\" src=\"https:\/\/chaletnamaste.de\/wp-content\/uploads\/2023\/06\/IMG_2202-1024x683.jpg\" alt=\"\" class=\"wp-image-90\" srcset=\"https:\/\/chaletnamaste.de\/wp-content\/uploads\/2023\/06\/IMG_2202-1024x683.jpg 1024w, https:\/\/chaletnamaste.de\/wp-content\/uploads\/2023\/06\/IMG_2202-300x200.jpg 300w, https:\/\/chaletnamaste.de\/wp-content\/uploads\/2023\/06\/IMG_2202-768x512.jpg 768w, https:\/\/chaletnamaste.de\/wp-content\/uploads\/2023\/06\/IMG_2202-1536x1024.jpg 1536w, https:\/\/chaletnamaste.de\/wp-content\/uploads\/2023\/06\/IMG_2202-2048x1365.jpg 2048w\" sizes=\"(max-width: 1024px) 100vw, 1024px\" \/><\/figure>\n\n\n\n<figure class=\"wp-block-image size-large\"><img decoding=\"async\" loading=\"lazy\" width=\"1024\" height=\"683\" src=\"https:\/\/chaletnamaste.de\/wp-content\/uploads\/2023\/06\/IMG_2217-1-1024x683.jpg\" alt=\"\" class=\"wp-image-111\" srcset=\"https:\/\/chaletnamaste.de\/wp-content\/uploads\/2023\/06\/IMG_2217-1-1024x683.jpg 1024w, https:\/\/chaletnamaste.de\/wp-content\/uploads\/2023\/06\/IMG_2217-1-300x200.jpg 300w, https:\/\/chaletnamaste.de\/wp-content\/uploads\/2023\/06\/IMG_2217-1-768x512.jpg 768w, https:\/\/chaletnamaste.de\/wp-content\/uploads\/2023\/06\/IMG_2217-1-1536x1024.jpg 1536w, https:\/\/chaletnamaste.de\/wp-content\/uploads\/2023\/06\/IMG_2217-1-2048x1365.jpg 2048w\" sizes=\"(max-width: 1024px) 100vw, 1024px\" \/><\/figure>\n\n\n\n<figure class=\"wp-block-image size-large\"><img decoding=\"async\" loading=\"lazy\" width=\"1024\" height=\"683\" src=\"https:\/\/chaletnamaste.de\/wp-content\/uploads\/2023\/06\/IMG_2229-1024x683.jpg\" alt=\"\" class=\"wp-image-93\" srcset=\"https:\/\/chaletnamaste.de\/wp-content\/uploads\/2023\/06\/IMG_2229-1024x683.jpg 1024w, https:\/\/chaletnamaste.de\/wp-content\/uploads\/2023\/06\/IMG_2229-300x200.jpg 300w, https:\/\/chaletnamaste.de\/wp-content\/uploads\/2023\/06\/IMG_2229-768x512.jpg 768w, https:\/\/chaletnamaste.de\/wp-content\/uploads\/2023\/06\/IMG_2229-1536x1024.jpg 1536w, https:\/\/chaletnamaste.de\/wp-content\/uploads\/2023\/06\/IMG_2229-2048x1365.jpg 2048w\" sizes=\"(max-width: 1024px) 100vw, 1024px\" \/><\/figure>\n\n\n\n<figure class=\"wp-block-image size-large\"><img decoding=\"async\" loading=\"lazy\" width=\"1024\" height=\"683\" src=\"https:\/\/chaletnamaste.de\/wp-content\/uploads\/2023\/06\/IMG_2236-1024x683.jpg\" alt=\"\" class=\"wp-image-94\" srcset=\"https:\/\/chaletnamaste.de\/wp-content\/uploads\/2023\/06\/IMG_2236-1024x683.jpg 1024w, https:\/\/chaletnamaste.de\/wp-content\/uploads\/2023\/06\/IMG_2236-300x200.jpg 300w, https:\/\/chaletnamaste.de\/wp-content\/uploads\/2023\/06\/IMG_2236-768x512.jpg 768w, https:\/\/chaletnamaste.de\/wp-content\/uploads\/2023\/06\/IMG_2236-1536x1024.jpg 1536w, https:\/\/chaletnamaste.de\/wp-content\/uploads\/2023\/06\/IMG_2236-2048x1365.jpg 2048w\" sizes=\"(max-width: 1024px) 100vw, 1024px\" \/><\/figure>\n\n\n\n<figure class=\"wp-block-image size-large\"><img decoding=\"async\" loading=\"lazy\" width=\"1024\" height=\"683\" src=\"https:\/\/chaletnamaste.de\/wp-content\/uploads\/2023\/06\/IMG_2241-1024x683.jpg\" alt=\"\" class=\"wp-image-95\" srcset=\"https:\/\/chaletnamaste.de\/wp-content\/uploads\/2023\/06\/IMG_2241-1024x683.jpg 1024w, https:\/\/chaletnamaste.de\/wp-content\/uploads\/2023\/06\/IMG_2241-300x200.jpg 300w, https:\/\/chaletnamaste.de\/wp-content\/uploads\/2023\/06\/IMG_2241-768x512.jpg 768w, https:\/\/chaletnamaste.de\/wp-content\/uploads\/2023\/06\/IMG_2241-1536x1024.jpg 1536w, https:\/\/chaletnamaste.de\/wp-content\/uploads\/2023\/06\/IMG_2241-2048x1365.jpg 2048w\" sizes=\"(max-width: 1024px) 100vw, 1024px\" \/><\/figure>\n\n\n\n<figure class=\"wp-block-image size-large\"><img decoding=\"async\" loading=\"lazy\" width=\"1024\" height=\"683\" src=\"https:\/\/chaletnamaste.de\/wp-content\/uploads\/2023\/06\/IMG_2271-1024x683.jpg\" alt=\"\" class=\"wp-image-105\" srcset=\"https:\/\/chaletnamaste.de\/wp-content\/uploads\/2023\/06\/IMG_2271-1024x683.jpg 1024w, https:\/\/chaletnamaste.de\/wp-content\/uploads\/2023\/06\/IMG_2271-300x200.jpg 300w, https:\/\/chaletnamaste.de\/wp-content\/uploads\/2023\/06\/IMG_2271-768x512.jpg 768w, https:\/\/chaletnamaste.de\/wp-content\/uploads\/2023\/06\/IMG_2271-1536x1024.jpg 1536w, https:\/\/chaletnamaste.de\/wp-content\/uploads\/2023\/06\/IMG_2271-2048x1365.jpg 2048w\" sizes=\"(max-width: 1024px) 100vw, 1024px\" \/><\/figure>\n\n\n\n<p class=\"has-text-align-left\">Bettw\u00e4sche, Handt\u00fccher, Babybett und Kinderhochstuhl k\u00f6nnen im Park gegen einer Geb\u00fchr ausgeliehen werden.<\/p>\n","protected":false},"excerpt":{"rendered":"<p>An der Grenze zwischen den Provinzen Groningen und Friesland befindet sich der &nbsp;4,5* Campingplatz in Lauwersoog.&nbsp;Neben dem friesischen Dorf Anjum und dem Fischerdorf Zoutkamp . Dieses Reiseziel ist der ideale Ausgangspunkt f\u00fcr drei wundersch\u00f6ne Naturschutzgebiete, den Nationalpark Lauwersmeer, den Nationalpark Schiermonnikoog und das UNESCO-Weltnaturerbe Wattenmeer. Sind Sie auf der Suche nach einer modernen Unterkunft, ganz [&hellip;]<\/p>\n","protected":false},"author":1,"featured_media":0,"parent":0,"menu_order":0,"comment_status":"closed","ping_status":"closed","template":"","meta":[],"_links":{"self":[{"href":"https:\/\/chaletnamaste.de\/index.php?rest_route=\/wp\/v2\/pages\/19"}],"collection":[{"href":"https:\/\/chaletnamaste.de\/index.php?rest_route=\/wp\/v2\/pages"}],"about":[{"href":"https:\/\/chaletnamaste.de\/index.php?rest_route=\/wp\/v2\/types\/page"}],"author":[{"embeddable":true,"href":"https:\/\/chaletnamaste.de\/index.php?rest_route=\/wp\/v2\/users\/1"}],"replies":[{"embeddable":true,"href":"https:\/\/chaletnamaste.de\/index.php?rest_route=%2Fwp%2Fv2%2Fcomments&post=19"}],"version-history":[{"count":8,"href":"https:\/\/chaletnamaste.de\/index.php?rest_route=\/wp\/v2\/pages\/19\/revisions"}],"predecessor-version":[{"id":112,"href":"https:\/\/chaletnamaste.de\/index.php?rest_route=\/wp\/v2\/pages\/19\/revisions\/112"}],"wp:attachment":[{"href":"https:\/\/chaletnamaste.de\/index.php?rest_route=%2Fwp%2Fv2%2Fmedia&parent=19"}],"curies":[{"name":"wp","href":"https:\/\/api.w.org\/{rel}","templated":true}]}}